{"id":12,"date":"2023-08-18T12:54:26","date_gmt":"2023-08-18T12:54:26","guid":{"rendered":"https:\/\/narvaltesanas.com\/?page_id=12"},"modified":"2023-10-24T13:24:10","modified_gmt":"2023-10-24T13:24:10","slug":"nosotras","status":"publish","type":"page","link":"https:\/\/narvaltesanas.com\/index.php\/nosotras\/","title":{"rendered":"Nosotras"},"content":{"rendered":"\t\t<div data-elementor-type=\"wp-page\" data-elementor-id=\"12\" class=\"elementor elementor-12\">\n\t\t\t\t\t\t<section class=\"elementor-section elementor-top-section elementor-element elementor-element-f602cbc elementor-section-boxed elementor-section-height-default elementor-section-height-default\" data-id=\"f602cbc\" data-element_type=\"section\" data-e-type=\"section\">\n\t\t\t\t\t\t<div class=\"elementor-container elementor-column-gap-default\">\n\t\t\t\t\t<div class=\"elementor-column elementor-col-100 elementor-top-column elementor-element elementor-element-bb15cda\" data-id=\"bb15cda\" data-element_type=\"column\" data-e-type=\"column\">\n\t\t\t<div class=\"elementor-widget-wrap\">\n\t\t\t\t\t\t\t<\/div>\n\t\t<\/div>\n\t\t\t\t\t<\/div>\n\t\t<\/section>\n\t\t\t\t<section class=\"elementor-section elementor-top-section elementor-element elementor-element-c270943 elementor-section-boxed elementor-section-height-default elementor-section-height-default\" data-id=\"c270943\" data-element_type=\"section\" data-e-type=\"section\">\n\t\t\t\t\t\t<div class=\"elementor-container elementor-column-gap-default\">\n\t\t\t\t\t<div class=\"elementor-column elementor-col-50 elementor-top-column elementor-element elementor-element-be41171\" data-id=\"be41171\" data-element_type=\"column\" data-e-type=\"column\">\n\t\t\t<div class=\"elementor-widget-wrap elementor-element-populated\">\n\t\t\t\t\t\t<div class=\"elementor-element elementor-element-dd26372 elementor-widget elementor-widget-image\" data-id=\"dd26372\" data-element_type=\"widget\" data-e-type=\"widget\" data-widget_type=\"image.default\">\n\t\t\t\t<div class=\"elementor-widget-container\">\n\t\t\t\t\t\t\t\t\t\t\t\t\t\t\t<img fetchpriority=\"high\" decoding=\"async\" width=\"771\" height=\"1024\" src=\"https:\/\/narvaltesanas.com\/wp-content\/uploads\/2023\/10\/IMG-20230929-WA0011-771x1024.jpg\" class=\"attachment-large size-large wp-image-255\" alt=\"\" srcset=\"https:\/\/narvaltesanas.com\/wp-content\/uploads\/2023\/10\/IMG-20230929-WA0011-771x1024.jpg 771w, https:\/\/narvaltesanas.com\/wp-content\/uploads\/2023\/10\/IMG-20230929-WA0011-226x300.jpg 226w, https:\/\/narvaltesanas.com\/wp-content\/uploads\/2023\/10\/IMG-20230929-WA0011-768x1021.jpg 768w, https:\/\/narvaltesanas.com\/wp-content\/uploads\/2023\/10\/IMG-20230929-WA0011-1156x1536.jpg 1156w, https:\/\/narvaltesanas.com\/wp-content\/uploads\/2023\/10\/IMG-20230929-WA0011.jpg 1204w\" sizes=\"(max-width: 771px) 100vw, 771px\" \/>\t\t\t\t\t\t\t\t\t\t\t\t\t\t\t<\/div>\n\t\t\t\t<\/div>\n\t\t\t\t\t<\/div>\n\t\t<\/div>\n\t\t\t\t<div class=\"elementor-column elementor-col-50 elementor-top-column elementor-element elementor-element-e820ceb\" data-id=\"e820ceb\" data-element_type=\"column\" data-e-type=\"column\" data-settings=\"{&quot;background_background&quot;:&quot;classic&quot;}\">\n\t\t\t<div class=\"elementor-widget-wrap elementor-element-populated\">\n\t\t\t\t\t\t<div class=\"elementor-element elementor-element-ce1c870 elementor-widget elementor-widget-text-editor\" data-id=\"ce1c870\" data-element_type=\"widget\" data-e-type=\"widget\" data-widget_type=\"text-editor.default\">\n\t\t\t\t<div class=\"elementor-widget-container\">\n\t\t\t\t\t\t\t\t\t<div id=\"comp-ksk5o0n85\" class=\"BaOVQ8 tz5f0K comp-ksk5o0n85 wixui-rich-text\" data-testid=\"richTextElement\">\n<h4 class=\"font_6 wixui-rich-text__text\"><span class=\"wixui-rich-text__text\" style=\"color: #33cccc;\">Nosotras<\/span><\/h4>\n<\/div>\n<div id=\"comp-ksk9c94d\" class=\"comp-ksk9c94d wixui-vector-image\">\n<div class=\"aizuI7 TcoJIb comp-ksk9c94d\" data-testid=\"svgRoot-comp-ksk9c94d\"><span style=\"color: #ffffff;\">Narvaltesanas somos tres amigas unidas por muchas cosas en com\u00fan, por un lado el buceo, a trav\u00e9s de nuestro querido <span style=\"color: #33cccc;\"><a class=\"wixui-rich-text__text\" style=\"color: #33cccc;\" href=\"http:\/\/www.buceonarval.com\/\" target=\"_blank\" rel=\"noreferrer noopener\">Club Narval<\/a>&nbsp;<\/span>y por otro las artesan\u00edas. Empezamos a aprender unas de otras y a realizar dise\u00f1os, con un denominador com\u00fan&#8230; el mar.<\/span><\/div>\n<\/div>\n<div id=\"comp-ksk5o0n91\" class=\"KcpHeO tz5f0K comp-ksk5o0n91 wixui-rich-text\" data-testid=\"richTextElement\">\n<p class=\"font_8 wixui-rich-text__text\"><span class=\"wixui-rich-text__text\" style=\"color: #ffffff;\"><span class=\"color_11 wixui-rich-text__text\">De aquellos primeros talleres, en el verano de 2015, ahora sabemos mucho m\u00e1s de casi todas nuestras t\u00e9cnicas, hemos ampliado a otras y seguimos en constante descubrimiento. Poco a poco tambi\u00e9n empezamos con nuestras redes sociales, con las que seguimos y ahora nos lanzamos con nuestra web, que esperamos os guste.<\/span><\/span><\/p>\n<p class=\"font_8 wixui-rich-text__text\"><span class=\"wixui-rich-text__text\" style=\"color: #ffffff;\"><span class=\"color_11 wixui-rich-text__text\">Cada uno de nuestros productos es&nbsp; artesanal, por eso no hay dos iguales.<\/span><\/span><\/p>\n<p class=\"font_8 wixui-rich-text__text\"><span class=\"wixui-rich-text__text\" style=\"color: #ffffff;\"><span class=\"color_11 wixui-rich-text__text\">\u00a1Echa un vistazo a<span style=\"color: #33cccc;\">&nbsp;<a href=\"https:\/\/narvaltesanas.com\/\">nuestro cat\u00e1logo<\/a><\/span>, escr\u00edbenos para hacer un pedido o para lo que te apetezca decirnos &nbsp;<span style=\"color: #33cccc;\"><a class=\"wixui-rich-text__text\" style=\"color: #33cccc;\" href=\"mailto:narvaltesanas@gmail.com\" target=\"_self\">narvaltesanas@gmail.com<\/a><\/span>!<\/span><\/span><\/p>\n<p class=\"font_8 wixui-rich-text__text\"><span class=\"wixui-rich-text__text\" style=\"color: #ffffff;\"><span class=\"color_11 wixui-rich-text__text\">Muchas gracias.<\/span><\/span><\/p>\n<p class=\"font_8 wixui-rich-text__text\"><span class=\"wixui-rich-text__text\" style=\"color: #ffffff;\"><span class=\"color_11 wixui-rich-text__text\">Ana, Eva y Raquel<\/span>.<\/span><span style=\"color: #ffffff; font-family: var( --e-global-typography-text-font-family ), Sans-serif; font-weight: var( --e-global-typography-text-font-weight ); font-size: 0.9375rem;\">&nbsp;<\/span><\/p>\n<h3 class=\"font_6 wixui-rich-text__text\" style=\"text-align: center;\"><span class=\"wixui-rich-text__text\" style=\"color: #33cccc;\"><img decoding=\"async\" class=\"wp-image-125 aligncenter\" src=\"https:\/\/narvaltesanas.com\/wp-content\/uploads\/2023\/08\/sirenas-300x205.png\" alt=\"\" width=\"219\" height=\"150\" srcset=\"https:\/\/narvaltesanas.com\/wp-content\/uploads\/2023\/08\/sirenas-300x205.png 300w, https:\/\/narvaltesanas.com\/wp-content\/uploads\/2023\/08\/sirenas.png 357w\" sizes=\"(max-width: 219px) 100vw, 219px\" \/><\/span><\/h3>\n<\/div>\t\t\t\t\t\t\t\t<\/div>\n\t\t\t\t<\/div>\n\t\t\t\t\t<\/div>\n\t\t<\/div>\n\t\t\t\t\t<\/div>\n\t\t<\/section>\n\t\t\t\t<\/div>\n\t\t","protected":false},"excerpt":{"rendered":"<p>Nosotras Narvaltesanas somos tres amigas unidas por muchas cosas en com\u00fan, por un lado el buceo, a trav\u00e9s de nuestro querido Club Narval&nbsp;y por otro las artesan\u00edas. Empezamos a aprender&hellip;<\/p>\n","protected":false},"author":1,"featured_media":0,"parent":0,"menu_order":0,"comment_status":"closed","ping_status":"closed","template":"","meta":{"footnotes":""},"class_list":["post-12","page","type-page","status-publish","hentry"],"_links":{"self":[{"href":"https:\/\/narvaltesanas.com\/index.php\/wp-json\/wp\/v2\/pages\/12","targetHints":{"allow":["GET"]}}],"collection":[{"href":"https:\/\/narvaltesanas.com\/index.php\/wp-json\/wp\/v2\/pages"}],"about":[{"href":"https:\/\/narvaltesanas.com\/index.php\/wp-json\/wp\/v2\/types\/page"}],"author":[{"embeddable":true,"href":"https:\/\/narvaltesanas.com\/index.php\/wp-json\/wp\/v2\/users\/1"}],"replies":[{"embeddable":true,"href":"https:\/\/narvaltesanas.com\/index.php\/wp-json\/wp\/v2\/comments?post=12"}],"version-history":[{"count":22,"href":"https:\/\/narvaltesanas.com\/index.php\/wp-json\/wp\/v2\/pages\/12\/revisions"}],"predecessor-version":[{"id":338,"href":"https:\/\/narvaltesanas.com\/index.php\/wp-json\/wp\/v2\/pages\/12\/revisions\/338"}],"wp:attachment":[{"href":"https:\/\/narvaltesanas.com\/index.php\/wp-json\/wp\/v2\/media?parent=12"}],"curies":[{"name":"wp","href":"https:\/\/api.w.org\/{rel}","templated":true}]}}